{"id":21,"date":"2020-09-14T14:09:59","date_gmt":"2020-09-14T14:09:59","guid":{"rendered":"https:\/\/i-am.com.pl\/?page_id=21"},"modified":"2023-12-30T09:57:17","modified_gmt":"2023-12-30T09:57:17","slug":"hipnoterapia","status":"publish","type":"page","link":"https:\/\/i-am.com.pl\/en\/service\/hypnotherapy\/","title":{"rendered":"Hypnotherapy"},"content":{"rendered":"<div data-elementor-type=\"wp-page\" data-elementor-id=\"21\" class=\"elementor elementor-21\" data-elementor-post-type=\"page\">\n\t\t\t\t\t\t<section class=\"elementor-section elementor-top-section elementor-element elementor-element-36433c82 elementor-section-height-min-height elementor-section-boxed elementor-section-height-default elementor-section-items-middle\" data-id=\"36433c82\" data-element_type=\"section\" data-settings=\"{&quot;background_background&quot;:&quot;classic&quot;}\">\n\t\t\t\t\t\t\t<div class=\"elementor-background-overlay\"><\/div>\n\t\t\t\t\t\t\t<div class=\"elementor-container elementor-column-gap-default\">\n\t\t\t\t\t<div class=\"elementor-column elementor-col-100 elementor-top-column elementor-element elementor-element-58be2ab1 elementor-invisible\" data-id=\"58be2ab1\" data-element_type=\"column\" data-settings=\"{&quot;animation&quot;:&quot;fadeIn&quot;}\">\n\t\t\t<div class=\"elementor-widget-wrap elementor-element-populated\">\n\t\t\t\t\t\t<div class=\"elementor-element elementor-element-59b2a4f9 elementor-widget elementor-widget-heading\" data-id=\"59b2a4f9\" data-element_type=\"widget\" data-widget_type=\"heading.default\">\n\t\t\t\t<div class=\"elementor-widget-container\">\n\t\t\t<h1 class=\"elementor-heading-title elementor-size-default\">SERVICES<\/h1>\t\t<\/div>\n\t\t\t\t<\/div>\n\t\t\t\t\t<\/div>\n\t\t<\/div>\n\t\t\t\t\t<\/div>\n\t\t<\/section>\n\t\t\t\t<section class=\"elementor-section elementor-top-section elementor-element elementor-element-730d2a48 elementor-section-boxed elementor-section-height-default elementor-section-height-default\" data-id=\"730d2a48\" data-element_type=\"section\" data-settings=\"{&quot;background_background&quot;:&quot;classic&quot;}\">\n\t\t\t\t\t\t\t<div class=\"elementor-background-overlay\"><\/div>\n\t\t\t\t\t\t\t<div class=\"elementor-container elementor-column-gap-default\">\n\t\t\t\t\t<div class=\"elementor-column elementor-col-100 elementor-top-column elementor-element elementor-element-2eb79470\" data-id=\"2eb79470\" data-element_type=\"column\">\n\t\t\t<div class=\"elementor-widget-wrap elementor-element-populated\">\n\t\t\t\t\t\t<div class=\"elementor-element elementor-element-56a4607a elementor-widget elementor-widget-heading\" data-id=\"56a4607a\" data-element_type=\"widget\" data-widget_type=\"heading.default\">\n\t\t\t\t<div class=\"elementor-widget-container\">\n\t\t\t<h2 class=\"elementor-heading-title elementor-size-default\">Hypnotherapy<\/h2>\t\t<\/div>\n\t\t\t\t<\/div>\n\t\t\t\t<div class=\"elementor-element elementor-element-6913798e elementor-widget elementor-widget-text-editor\" data-id=\"6913798e\" data-element_type=\"widget\" data-widget_type=\"text-editor.default\">\n\t\t\t\t<div class=\"elementor-widget-container\">\n\t\t\t\t\t\t\t<p>Hypnotherapy is a distinctive pioneering therapy based on neuroscience that offers fast, effective results by combining the most beneficial principles of psychotherapy, Neuro-Linguistic Programming (NLP), and Cognitive Behavioral Therapy (CBT).<\/p>\n<p>Hypnotherapy delivers extraordinary, permanent change from physical, emotional, and psychological pain by reframing core beliefs, values, habits, and emotions that are deep in the unconscious mind. By rapidly rewiring the neural pathways of the brain, Hypnotherapy replaces outdated belief systems and negative patterns of behavior. When new life-affirming beliefs are formed, the healing process begins.<\/p>\n<p>Hypnotherapy accesses the subconscious mind using hypnosis, the vault of our memories and learned experiences. Hypnotherapy sends your nervous system into a relaxed state, allowing access to your subconscious mind. It is here that previous beliefs have been laid down, often before the age of seven. These beliefs are often not obvious to the conscious mind, but they can be limiting you. For example; a belief that you are powerless to change outcomes of any given situation due to previously feeling helpless as a young child. As an adult this can lead to procrastination and a feeling of not being in control of your life and can cause you to \u2018give up\u2019. During hypnotherapy your subconscious mind will take you back to scenes in your earlier life that are connected to the issue that you want to solve. This will give you invaluable information about how and why you started to believe certain things about yourself. It will provide you with the insight and ability to change these unhelpful self-beliefs that are holding you back. I will work with you during the session to facilitate your understanding and transformation to help you formulate changes that you know to be true and beneficial to you. You are the one in control, and only you will do what is right for you.<\/p>\n<p>As part of the hypnotherapy session you will receive a bespoke transformation recording which is personal to you. I recommend listening to the recording for at least 21 days. It is designed with care to help implant and nourish your new self-beliefs in your mind by speaking directly to you and your subconscious mind. By listening to this recording repeatedly, you will embed this therapeutic positive change within you.<\/p>\t\t\t\t\t\t<\/div>\n\t\t\t\t<\/div>\n\t\t\t\t\t<\/div>\n\t\t<\/div>\n\t\t\t\t\t<\/div>\n\t\t<\/section>\n\t\t\t\t<section class=\"elementor-section elementor-top-section elementor-element elementor-element-9fb9906 elementor-section-boxed elementor-section-height-default elementor-section-height-default\" data-id=\"9fb9906\" data-element_type=\"section\">\n\t\t\t\t\t\t<div class=\"elementor-container elementor-column-gap-default\">\n\t\t\t\t\t<div class=\"elementor-column elementor-col-100 elementor-top-column elementor-element elementor-element-9bfaf8b\" data-id=\"9bfaf8b\" data-element_type=\"column\">\n\t\t\t<div class=\"elementor-widget-wrap elementor-element-populated\">\n\t\t\t\t\t\t<div class=\"elementor-element elementor-element-2b24cd8 elementor-widget elementor-widget-text-editor\" data-id=\"2b24cd8\" data-element_type=\"widget\" data-widget_type=\"text-editor.default\">\n\t\t\t\t<div class=\"elementor-widget-container\">\n\t\t\t\t\t\t\t<p>A session will normally be 90 minutes to 2 hours long. The first half hour will be a discussion of what is troubling you and how that is making you feel or behave.<\/p><p>The second half hour will be in hypnosis where we speak with your subconscious mind to discover the root cause of the issue.<\/p><p>The third half hour is the transformation. I will create a bespoke recording for you so that you can listen to it for 21 days or more. You might ask why you need to do this when you should be \u2018cured\u2019 on the day. The reason I ask you to do this is because it\u2019s been proven that to truly break and rewire your thought process you need to repeat the new and positive benefits for 21 days.<\/p><p>Everyone is different and you may find it takes less time to have the positive effect on your life. Many people leave the session with such a deep understanding of the underlying cause of their former issue that the transformation is effective from that moment onwards.<\/p>\t\t\t\t\t\t<\/div>\n\t\t\t\t<\/div>\n\t\t\t\t\t<\/div>\n\t\t<\/div>\n\t\t\t\t\t<\/div>\n\t\t<\/section>\n\t\t\t\t<section class=\"elementor-section elementor-top-section elementor-element elementor-element-30844520 elementor-section-boxed elementor-section-height-default elementor-section-height-default\" data-id=\"30844520\" data-element_type=\"section\">\n\t\t\t\t\t\t<div class=\"elementor-container elementor-column-gap-default\">\n\t\t\t\t\t<div class=\"elementor-column elementor-col-100 elementor-top-column elementor-element elementor-element-4b7b7ef1\" data-id=\"4b7b7ef1\" data-element_type=\"column\">\n\t\t\t<div class=\"elementor-widget-wrap elementor-element-populated\">\n\t\t\t\t\t\t<div class=\"elementor-element elementor-element-5f0e8194 elementor-widget elementor-widget-heading\" data-id=\"5f0e8194\" data-element_type=\"widget\" data-widget_type=\"heading.default\">\n\t\t\t\t<div class=\"elementor-widget-container\">\n\t\t\t<h2 class=\"elementor-heading-title elementor-size-default\">Kind words<\/h2>\t\t<\/div>\n\t\t\t\t<\/div>\n\t\t\t\t<div class=\"elementor-element elementor-element-2597993f elementor-testimonial--align-left elementor-testimonial--skin-default elementor-testimonial--layout-image_inline elementor-arrows-yes elementor-pagination-type-bullets elementor-widget elementor-widget-global elementor-global-1129 elementor-widget-testimonial-carousel\" data-id=\"2597993f\" data-element_type=\"widget\" data-settings=\"{&quot;slides_per_view&quot;:&quot;1&quot;,&quot;show_arrows&quot;:&quot;yes&quot;,&quot;pagination&quot;:&quot;bullets&quot;,&quot;speed&quot;:500,&quot;autoplay&quot;:&quot;yes&quot;,&quot;autoplay_speed&quot;:5000,&quot;loop&quot;:&quot;yes&quot;,&quot;pause_on_hover&quot;:&quot;yes&quot;,&quot;pause_on_interaction&quot;:&quot;yes&quot;,&quot;space_between&quot;:{&quot;unit&quot;:&quot;px&quot;,&quot;size&quot;:10,&quot;sizes&quot;:[]},&quot;space_between_tablet&quot;:{&quot;unit&quot;:&quot;px&quot;,&quot;size&quot;:10,&quot;sizes&quot;:[]},&quot;space_between_mobile&quot;:{&quot;unit&quot;:&quot;px&quot;,&quot;size&quot;:10,&quot;sizes&quot;:[]}}\" data-widget_type=\"testimonial-carousel.default\">\n\t\t\t\t<div class=\"elementor-widget-container\">\n\t\t\t\t\t<div class=\"elementor-swiper\">\n\t\t\t<div class=\"elementor-main-swiper swiper\">\n\t\t\t\t<div class=\"swiper-wrapper\">\n\t\t\t\t\t\t\t\t\t\t\t<div class=\"swiper-slide\">\n\t\t\t\t\t\t\t\t\t<div class=\"elementor-testimonial\">\n\t\t\t\t\t\t\t<div class=\"elementor-testimonial__content\">\n\t\t\t\t\t<div class=\"elementor-testimonial__text\">\n\t\t\t\t\t\tI chose therapy because I felt that I needed support in understanding my emotions and adjusting to life in a new place. I had a harder time after breaking up and it was hard for me to learn to live alone. I stopped doing things that gave me pleasure, I had less energy and did not believe in my abilities at work. From the very beginning, Dorota created a safe and comfortable space to talk about very difficult problems for me. The form of online therapy did not interfere with my communication, and it helped me adjust the meeting hours to my lifestyle. While working with Dorota, I felt understood, listened to and motivated to find the source of my problems and apply methods that could help me. Dorota quickly recognized how I worked best and suggested hypnotherapy, which quickly helped me make changes to my daily life, making me more active, confident, and healthier (both physically and mentally). Thanks to therapy, I learned to recognize, express and appreciate emotions, even the more difficult ones. I felt more comfortable with myself and aware of my needs. What I appreciate most about working with Dorota is that I had the opportunity to talk about various situations in my life and express my thoughts and feelings without fear of judgment. \t\t\t\t\t<\/div>\n\t\t\t\t\t\t\t\t\t<\/div>\n\t\t\t\t\t\t<div class=\"elementor-testimonial__footer\">\n\t\t\t\t\t\t\t\t<cite class=\"elementor-testimonial__cite\"><span class=\"elementor-testimonial__name\">Zuza, United Kingdom<\/span><span class=\"elementor-testimonial__title\">Talk therapy &amp; Hypnotherapy<\/span><\/cite>\t\t\t<\/div>\n\t\t<\/div>\n\t\t\t\t\t\t\t\t<\/div>\n\t\t\t\t\t\t\t\t\t\t\t<div class=\"swiper-slide\">\n\t\t\t\t\t\t\t\t\t<div class=\"elementor-testimonial\">\n\t\t\t\t\t\t\t<div class=\"elementor-testimonial__content\">\n\t\t\t\t\t<div class=\"elementor-testimonial__text\">\n\t\t\t\t\t\tI came to Dorota with an important life struggle which seemed like a no way out. At the moment I felt like anything I had done would've been a wrong decision. Sessions helped me in many different ways. I was able to organize my thoughts, hear eye opening questions and get inspiration to help my brain get out of a dead end. What I really appreciated is the fact that I have never felt judged and the sessions were conducted in a very supportive atmosphere. Dorota made the whole process as comfortable as it could be for which I am grateful. From the very first meeting Dorota was highlighting that the decision I was about to make as a result of sessions should be mine and nobody else's. She has never tried to imply any set of values to my decision making process and at the end I felt that the solution is mine and that I take the responsibility for it. Without any doubts I highly recommend Dorota to anyone who feels lost and doesn't know which life decision is the right one.\t\t\t\t\t<\/div>\n\t\t\t\t\t\t\t\t\t<\/div>\n\t\t\t\t\t\t<div class=\"elementor-testimonial__footer\">\n\t\t\t\t\t\t\t\t<cite class=\"elementor-testimonial__cite\"><span class=\"elementor-testimonial__name\">Patryk, Poland<\/span><span class=\"elementor-testimonial__title\">Talk therapy<\/span><\/cite>\t\t\t<\/div>\n\t\t<\/div>\n\t\t\t\t\t\t\t\t<\/div>\n\t\t\t\t\t\t\t\t\t\t\t<div class=\"swiper-slide\">\n\t\t\t\t\t\t\t\t\t<div class=\"elementor-testimonial\">\n\t\t\t\t\t\t\t<div class=\"elementor-testimonial__content\">\n\t\t\t\t\t<div class=\"elementor-testimonial__text\">\n\t\t\t\t\t\tAttempting to drive a car from the back seat without a driving license - this was my life. A fearful, emotional, addicted and resigned man from a dysfunctional home. For the lion's share of my life, I successfully sabotaged myself by entering into toxic relationships, I could not take care of my limits, set goals, and resorted to drugs.\n\nThanks to therapy, I am not afraid to feel and be with myself. I made order with my relationships, I am important to myself and I can be for others. I'm sober. I trusted myself, as I trusted Dorota, whom I am grateful for for the transformation I am going through. For recommended literature and sessions, for strengthening my passions, for being with me on this journey.\n\nI stop fighting and start living.\t\t\t\t\t<\/div>\n\t\t\t\t\t\t\t\t\t<\/div>\n\t\t\t\t\t\t<div class=\"elementor-testimonial__footer\">\n\t\t\t\t\t\t\t\t<cite class=\"elementor-testimonial__cite\"><span class=\"elementor-testimonial__name\">Martin, Germany<\/span><span class=\"elementor-testimonial__title\">Talk therapy<\/span><\/cite>\t\t\t<\/div>\n\t\t<\/div>\n\t\t\t\t\t\t\t\t<\/div>\n\t\t\t\t\t\t\t\t\t\t\t<div class=\"swiper-slide\">\n\t\t\t\t\t\t\t\t\t<div class=\"elementor-testimonial\">\n\t\t\t\t\t\t\t<div class=\"elementor-testimonial__content\">\n\t\t\t\t\t<div class=\"elementor-testimonial__text\">\n\t\t\t\t\t\tI recommend therapy with Dorota with all my heart! I was looking for a therapist for a long time, and before the booking, I was blocked by fear and shame, Dorota masterfully can build a sense of security and comfort during the session, make each subsequent session a step forward in my life.\n\nDorota's professionalism, empathy, sense of humor, and most of all her knowledge give me the opportunity to really deeply and fully reflect and motivate me to change myself.\n\nI wholeheartedly recommend to anyone who wants to learn more about themselves, wants to live a fuller and better life. I feel that I am gaining a lot from the therapy with Dorota, my self-esteem, self-confidence and understanding of what healthy relationships with other people are.\t\t\t\t\t<\/div>\n\t\t\t\t\t\t\t\t\t<\/div>\n\t\t\t\t\t\t<div class=\"elementor-testimonial__footer\">\n\t\t\t\t\t\t\t\t<cite class=\"elementor-testimonial__cite\"><span class=\"elementor-testimonial__name\">Justyna, Poland<\/span><span class=\"elementor-testimonial__title\">Talk therapy<\/span><\/cite>\t\t\t<\/div>\n\t\t<\/div>\n\t\t\t\t\t\t\t\t<\/div>\n\t\t\t\t\t\t\t\t\t\t\t<div class=\"swiper-slide\">\n\t\t\t\t\t\t\t\t\t<div class=\"elementor-testimonial\">\n\t\t\t\t\t\t\t<div class=\"elementor-testimonial__content\">\n\t\t\t\t\t<div class=\"elementor-testimonial__text\">\n\t\t\t\t\t\tFor many years I have faced a trauma that I could not tell anyone about. I was ashamed, I was a lack of space, had an emotional problems. I decided to change something in my life and ended up in therapy. Full professionalism and a friendly atmosphere that prevailed at the meetings with Dorota \t\t\t\t\t<\/div>\n\t\t\t\t\t\t\t\t\t<\/div>\n\t\t\t\t\t\t<div class=\"elementor-testimonial__footer\">\n\t\t\t\t\t\t\t\t<cite class=\"elementor-testimonial__cite\"><span class=\"elementor-testimonial__name\">\u00c1sbj\u00f6rg, Iceland<\/span><span class=\"elementor-testimonial__title\">Talk therapy &amp; Hypnotherapy<\/span><\/cite>\t\t\t<\/div>\n\t\t<\/div>\n\t\t\t\t\t\t\t\t<\/div>\n\t\t\t\t\t\t\t\t\t<\/div>\n\t\t\t\t\t\t\t\t\t\t\t\t\t\t\t<div class=\"swiper-pagination\"><\/div>\n\t\t\t\t\t\t\t\t\t\t\t\t\t\t\t\t<div class=\"elementor-swiper-button elementor-swiper-button-prev\" role=\"button\" tabindex=\"0\">\n\t\t\t\t\t\t\t<i aria-hidden=\"true\" class=\"eicon-chevron-left\"><\/i>\t\t\t\t\t\t\t<span class=\"elementor-screen-only\">Previous<\/span>\n\t\t\t\t\t\t<\/div>\n\t\t\t\t\t\t<div class=\"elementor-swiper-button elementor-swiper-button-next\" role=\"button\" tabindex=\"0\">\n\t\t\t\t\t\t\t<i aria-hidden=\"true\" class=\"eicon-chevron-right\"><\/i>\t\t\t\t\t\t\t<span class=\"elementor-screen-only\">Next<\/span>\n\t\t\t\t\t\t<\/div>\n\t\t\t\t\t\t\t\t\t\t\t\t<\/div>\n\t\t<\/div>\n\t\t\t\t<\/div>\n\t\t\t\t<\/div>\n\t\t\t\t\t<\/div>\n\t\t<\/div>\n\t\t\t\t\t<\/div>\n\t\t<\/section>\n\t\t\t\t<\/div>","protected":false},"excerpt":{"rendered":"<p>OFERTA Hipnoterapia Hipnoterapia to pionierska terapia oparta na nauce o m\u00f3zgu i uk\u0142adzie nerwowym (neuronauce), kt\u00f3ra oferuje szybkie i skuteczne rezultaty, dzi\u0119ki po\u0142\u0105czeniu najbardziej korzystnych metod, stosowanych w psychoterapii, programowaniu neurolingwistycznym (NLP) i terapii poznawczo-behawioralnej (CBT). Hipnoterapia zapewnia wyj\u0105tkow\u0105, trwa\u0142\u0105 zmian\u0119 w obszarach, w kt\u00f3rych do\u015bwiadczasz b\u00f3lu fizycznego, emocjonalnego lub psychicznego, poprzez zdefiniowanie na nowo [&hellip;]<\/p>","protected":false},"author":1,"featured_media":0,"parent":15,"menu_order":0,"comment_status":"closed","ping_status":"closed","template":"elementor_header_footer","meta":{"footnotes":""},"class_list":["post-21","page","type-page","status-publish","hentry"],"yoast_head":"<!-- This site is optimized with the Yoast SEO plugin v23.9 - https:\/\/yoast.com\/wordpress\/plugins\/seo\/ -->\n<title>Hipnoterapia - Psycholog \u2022 Dorota Bednarko \u2022 Wolno\u015b\u0107, Spe\u0142nienie, Witalno\u015b\u0107<\/title>\n<meta name=\"robots\" content=\"index, follow, max-snippet:-1, max-image-preview:large, max-video-preview:-1\" \/>\n<link rel=\"canonical\" href=\"https:\/\/i-am.com.pl\/en\/oferta\/hipnoterapia\/\" \/>\n<meta property=\"og:locale\" content=\"en_GB\" \/>\n<meta property=\"og:type\" content=\"article\" \/>\n<meta property=\"og:title\" content=\"Hipnoterapia - Psycholog \u2022 Dorota Bednarko \u2022 Wolno\u015b\u0107, Spe\u0142nienie, Witalno\u015b\u0107\" \/>\n<meta property=\"og:description\" content=\"OFERTA Hipnoterapia Hipnoterapia to pionierska terapia oparta na nauce o m\u00f3zgu i uk\u0142adzie nerwowym (neuronauce), kt\u00f3ra oferuje szybkie i skuteczne rezultaty, dzi\u0119ki po\u0142\u0105czeniu najbardziej korzystnych metod, stosowanych w psychoterapii, programowaniu neurolingwistycznym (NLP) i terapii poznawczo-behawioralnej (CBT). Hipnoterapia zapewnia wyj\u0105tkow\u0105, trwa\u0142\u0105 zmian\u0119 w obszarach, w kt\u00f3rych do\u015bwiadczasz b\u00f3lu fizycznego, emocjonalnego lub psychicznego, poprzez zdefiniowanie na nowo [&hellip;]\" \/>\n<meta property=\"og:url\" content=\"https:\/\/i-am.com.pl\/en\/oferta\/hipnoterapia\/\" \/>\n<meta property=\"og:site_name\" content=\"Psycholog \u2022 Dorota Bednarko \u2022 Wolno\u015b\u0107, Spe\u0142nienie, Witalno\u015b\u0107\" \/>\n<meta property=\"article:modified_time\" content=\"2023-12-30T09:57:17+00:00\" \/>\n<meta name=\"twitter:card\" content=\"summary_large_image\" \/>\n<meta name=\"twitter:label1\" content=\"Estimated reading time\" \/>\n\t<meta name=\"twitter:data1\" content=\"4 minutes\" \/>\n<script type=\"application\/ld+json\" class=\"yoast-schema-graph\">{\"@context\":\"https:\/\/schema.org\",\"@graph\":[{\"@type\":\"WebPage\",\"@id\":\"https:\/\/i-am.com.pl\/oferta\/hipnoterapia\/\",\"url\":\"https:\/\/i-am.com.pl\/oferta\/hipnoterapia\/\",\"name\":\"Hipnoterapia - Psycholog \u2022 Dorota Bednarko \u2022 Wolno\u015b\u0107, Spe\u0142nienie, Witalno\u015b\u0107\",\"isPartOf\":{\"@id\":\"https:\/\/i-am.com.pl\/#website\"},\"datePublished\":\"2020-09-14T14:09:59+00:00\",\"dateModified\":\"2023-12-30T09:57:17+00:00\",\"breadcrumb\":{\"@id\":\"https:\/\/i-am.com.pl\/oferta\/hipnoterapia\/#breadcrumb\"},\"inLanguage\":\"en-GB\",\"potentialAction\":[{\"@type\":\"ReadAction\",\"target\":[\"https:\/\/i-am.com.pl\/oferta\/hipnoterapia\/\"]}]},{\"@type\":\"BreadcrumbList\",\"@id\":\"https:\/\/i-am.com.pl\/oferta\/hipnoterapia\/#breadcrumb\",\"itemListElement\":[{\"@type\":\"ListItem\",\"position\":1,\"name\":\"Strona g\u0142\u00f3wna\",\"item\":\"https:\/\/i-am.com.pl\/\"},{\"@type\":\"ListItem\",\"position\":2,\"name\":\"OFERTA\",\"item\":\"https:\/\/i-am.com.pl\/oferta\/\"},{\"@type\":\"ListItem\",\"position\":3,\"name\":\"Hipnoterapia\"}]},{\"@type\":\"WebSite\",\"@id\":\"https:\/\/i-am.com.pl\/#website\",\"url\":\"https:\/\/i-am.com.pl\/\",\"name\":\"Psycholog \u2022 Dorota Bednarko \u2022 Wolno\u015b\u0107, Spe\u0142nienie, Witalno\u015b\u0107\",\"description\":\"Dorota Bednarko, psycholog. Moim celem jest pom\u00f3c Ci uwolni\u0107 si\u0119 od ograniczaj\u0105cych Ci\u0119 przekona\u0144, kt\u00f3re blokuj\u0105 Tw\u00f3j rozw\u00f3j poprzez terapi\u0119 RTT, porad\u0119 psychologiczn\u0105 czy klasyczn\u0105 psychoterapi\u0119. Oferuj\u0119 darmow\u0105, wst\u0119pn\u0105 konsultacj\u0119.\",\"potentialAction\":[{\"@type\":\"SearchAction\",\"target\":{\"@type\":\"EntryPoint\",\"urlTemplate\":\"https:\/\/i-am.com.pl\/?s={search_term_string}\"},\"query-input\":{\"@type\":\"PropertyValueSpecification\",\"valueRequired\":true,\"valueName\":\"search_term_string\"}}],\"inLanguage\":\"en-GB\"}]}<\/script>\n<!-- \/ Yoast SEO plugin. -->","yoast_head_json":{"title":"Hipnoterapia - Psycholog \u2022 Dorota Bednarko \u2022 Wolno\u015b\u0107, Spe\u0142nienie, Witalno\u015b\u0107","robots":{"index":"index","follow":"follow","max-snippet":"max-snippet:-1","max-image-preview":"max-image-preview:large","max-video-preview":"max-video-preview:-1"},"canonical":"https:\/\/i-am.com.pl\/en\/oferta\/hipnoterapia\/","og_locale":"en_GB","og_type":"article","og_title":"Hipnoterapia - Psycholog \u2022 Dorota Bednarko \u2022 Wolno\u015b\u0107, Spe\u0142nienie, Witalno\u015b\u0107","og_description":"OFERTA Hipnoterapia Hipnoterapia to pionierska terapia oparta na nauce o m\u00f3zgu i uk\u0142adzie nerwowym (neuronauce), kt\u00f3ra oferuje szybkie i skuteczne rezultaty, dzi\u0119ki po\u0142\u0105czeniu najbardziej korzystnych metod, stosowanych w psychoterapii, programowaniu neurolingwistycznym (NLP) i terapii poznawczo-behawioralnej (CBT). Hipnoterapia zapewnia wyj\u0105tkow\u0105, trwa\u0142\u0105 zmian\u0119 w obszarach, w kt\u00f3rych do\u015bwiadczasz b\u00f3lu fizycznego, emocjonalnego lub psychicznego, poprzez zdefiniowanie na nowo [&hellip;]","og_url":"https:\/\/i-am.com.pl\/en\/oferta\/hipnoterapia\/","og_site_name":"Psycholog \u2022 Dorota Bednarko \u2022 Wolno\u015b\u0107, Spe\u0142nienie, Witalno\u015b\u0107","article_modified_time":"2023-12-30T09:57:17+00:00","twitter_card":"summary_large_image","twitter_misc":{"Estimated reading time":"4 minutes"},"schema":{"@context":"https:\/\/schema.org","@graph":[{"@type":"WebPage","@id":"https:\/\/i-am.com.pl\/oferta\/hipnoterapia\/","url":"https:\/\/i-am.com.pl\/oferta\/hipnoterapia\/","name":"Hipnoterapia - Psycholog \u2022 Dorota Bednarko \u2022 Wolno\u015b\u0107, Spe\u0142nienie, Witalno\u015b\u0107","isPartOf":{"@id":"https:\/\/i-am.com.pl\/#website"},"datePublished":"2020-09-14T14:09:59+00:00","dateModified":"2023-12-30T09:57:17+00:00","breadcrumb":{"@id":"https:\/\/i-am.com.pl\/oferta\/hipnoterapia\/#breadcrumb"},"inLanguage":"en-GB","potentialAction":[{"@type":"ReadAction","target":["https:\/\/i-am.com.pl\/oferta\/hipnoterapia\/"]}]},{"@type":"BreadcrumbList","@id":"https:\/\/i-am.com.pl\/oferta\/hipnoterapia\/#breadcrumb","itemListElement":[{"@type":"ListItem","position":1,"name":"Strona g\u0142\u00f3wna","item":"https:\/\/i-am.com.pl\/"},{"@type":"ListItem","position":2,"name":"OFERTA","item":"https:\/\/i-am.com.pl\/oferta\/"},{"@type":"ListItem","position":3,"name":"Hipnoterapia"}]},{"@type":"WebSite","@id":"https:\/\/i-am.com.pl\/#website","url":"https:\/\/i-am.com.pl\/","name":"Psycholog \u2022 Dorota Bednarko \u2022 Wolno\u015b\u0107, Spe\u0142nienie, Witalno\u015b\u0107","description":"Dorota Bednarko, psycholog. Moim celem jest pom\u00f3c Ci uwolni\u0107 si\u0119 od ograniczaj\u0105cych Ci\u0119 przekona\u0144, kt\u00f3re blokuj\u0105 Tw\u00f3j rozw\u00f3j poprzez terapi\u0119 RTT, porad\u0119 psychologiczn\u0105 czy klasyczn\u0105 psychoterapi\u0119. Oferuj\u0119 darmow\u0105, wst\u0119pn\u0105 konsultacj\u0119.","potentialAction":[{"@type":"SearchAction","target":{"@type":"EntryPoint","urlTemplate":"https:\/\/i-am.com.pl\/?s={search_term_string}"},"query-input":{"@type":"PropertyValueSpecification","valueRequired":true,"valueName":"search_term_string"}}],"inLanguage":"en-GB"}]}},"_links":{"self":[{"href":"https:\/\/i-am.com.pl\/en\/wp-json\/wp\/v2\/pages\/21","targetHints":{"allow":["GET"]}}],"collection":[{"href":"https:\/\/i-am.com.pl\/en\/wp-json\/wp\/v2\/pages"}],"about":[{"href":"https:\/\/i-am.com.pl\/en\/wp-json\/wp\/v2\/types\/page"}],"author":[{"embeddable":true,"href":"https:\/\/i-am.com.pl\/en\/wp-json\/wp\/v2\/users\/1"}],"replies":[{"embeddable":true,"href":"https:\/\/i-am.com.pl\/en\/wp-json\/wp\/v2\/comments?post=21"}],"version-history":[{"count":0,"href":"https:\/\/i-am.com.pl\/en\/wp-json\/wp\/v2\/pages\/21\/revisions"}],"up":[{"embeddable":true,"href":"https:\/\/i-am.com.pl\/en\/wp-json\/wp\/v2\/pages\/15"}],"wp:attachment":[{"href":"https:\/\/i-am.com.pl\/en\/wp-json\/wp\/v2\/media?parent=21"}],"curies":[{"name":"wp","href":"https:\/\/api.w.org\/{rel}","templated":true}]}}