{"id":27,"date":"2020-09-14T14:10:39","date_gmt":"2020-09-14T14:10:39","guid":{"rendered":"https:\/\/i-am.com.pl\/?page_id=27"},"modified":"2023-12-30T10:18:33","modified_gmt":"2023-12-30T10:18:33","slug":"psychotherapia-dla-high-achievers","status":"publish","type":"page","link":"https:\/\/i-am.com.pl\/en\/service\/fees\/","title":{"rendered":"Psychotherapia dla \u201eHigh Achievers"},"content":{"rendered":"<div data-elementor-type=\"wp-page\" data-elementor-id=\"27\" class=\"elementor elementor-27\" data-elementor-post-type=\"page\">\n\t\t\t\t\t\t<section class=\"elementor-section elementor-top-section elementor-element elementor-element-3b305ac5 elementor-section-height-min-height elementor-section-boxed elementor-section-height-default elementor-section-items-middle\" data-id=\"3b305ac5\" data-element_type=\"section\" data-settings=\"{&quot;background_background&quot;:&quot;classic&quot;}\">\n\t\t\t\t\t\t\t<div class=\"elementor-background-overlay\"><\/div>\n\t\t\t\t\t\t\t<div class=\"elementor-container elementor-column-gap-default\">\n\t\t\t\t\t<div class=\"elementor-column elementor-col-100 elementor-top-column elementor-element elementor-element-6690a5f elementor-invisible\" data-id=\"6690a5f\" data-element_type=\"column\" data-settings=\"{&quot;animation&quot;:&quot;fadeIn&quot;}\">\n\t\t\t<div class=\"elementor-widget-wrap elementor-element-populated\">\n\t\t\t\t\t\t<div class=\"elementor-element elementor-element-6b4a9753 elementor-widget elementor-widget-heading\" data-id=\"6b4a9753\" data-element_type=\"widget\" data-widget_type=\"heading.default\">\n\t\t\t\t<div class=\"elementor-widget-container\">\n\t\t\t<h1 class=\"elementor-heading-title elementor-size-default\">SERVICES<\/h1>\t\t<\/div>\n\t\t\t\t<\/div>\n\t\t\t\t\t<\/div>\n\t\t<\/div>\n\t\t\t\t\t<\/div>\n\t\t<\/section>\n\t\t\t\t<section class=\"elementor-section elementor-top-section elementor-element elementor-element-3596d0d0 elementor-section-boxed elementor-section-height-default elementor-section-height-default\" data-id=\"3596d0d0\" data-element_type=\"section\" data-settings=\"{&quot;background_background&quot;:&quot;classic&quot;}\">\n\t\t\t\t\t\t\t<div class=\"elementor-background-overlay\"><\/div>\n\t\t\t\t\t\t\t<div class=\"elementor-container elementor-column-gap-default\">\n\t\t\t\t\t<div class=\"elementor-column elementor-col-100 elementor-top-column elementor-element elementor-element-4d52c260\" data-id=\"4d52c260\" data-element_type=\"column\">\n\t\t\t<div class=\"elementor-widget-wrap elementor-element-populated\">\n\t\t\t\t\t\t<div class=\"elementor-element elementor-element-6f4964cb elementor-widget elementor-widget-heading\" data-id=\"6f4964cb\" data-element_type=\"widget\" data-widget_type=\"heading.default\">\n\t\t\t\t<div class=\"elementor-widget-container\">\n\t\t\t<h2 class=\"elementor-heading-title elementor-size-default\">Who are individuals considered as High Achievers?<\/h2>\t\t<\/div>\n\t\t\t\t<\/div>\n\t\t\t\t<div class=\"elementor-element elementor-element-3e0d2d61 elementor-widget elementor-widget-text-editor\" data-id=\"3e0d2d61\" data-element_type=\"widget\" data-widget_type=\"text-editor.default\">\n\t\t\t\t<div class=\"elementor-widget-container\">\n\t\t\t\t\t\t\t<p>You have high motivation to succeed. You will go the extra mile to accomplish your goals. You are ambitious, resilient. Perhaps you ask a lot of those around you because you expect a lot from yourself. What\u2019s more, it\u2019s not uncommon to hyper-focus on your career path. On the outside, it looks like you have it all...<\/p><p>On paper, you look so good. You have a great job and trying to fulfil all the areas of your life and making sure you are hitting the mark and beyond as a partner, parent, coworker, boss, etc. It\u2019s a lot of pressure to perform at optimal levels. You aren\u2019t sure why you feel this way, but something is blocking you from enjoying the success that you have worked so hard for. Despite aiming high and achieving your goals, you still feel unfulfilled and unhappy. You\u2019re starting to realise you\u2019ve lost sight of what is really important to you. Maybe you didn\u2019t even know what was important to you from the start of it, but here you are. You have spent a lot of your life motivated and wanting to be successful.<\/p><p>With great success comes a high level of expectation and responsibility. Even for someone who has the drive and skillset to be highly successful in their field, these can be wearing on your mind. Whether it\u2019s anxiety to continue to perform at a high level, frustrations with the people around you who don\u2019t perform at a high level, or even depression as a result of feeling like you need to overwork yourself. What\u2019s more, experiencing success doesn\u2019t make you immune to depression, stress, relationship problems, emotional issues, anxiety, burnout.<\/p>\t\t\t\t\t\t<\/div>\n\t\t\t\t<\/div>\n\t\t\t\t<div class=\"elementor-element elementor-element-7c732de elementor-widget elementor-widget-heading\" data-id=\"7c732de\" data-element_type=\"widget\" data-widget_type=\"heading.default\">\n\t\t\t\t<div class=\"elementor-widget-container\">\n\t\t\t<h2 class=\"elementor-heading-title elementor-size-default\">When should High Achievers consider psychotherapy?<\/h2>\t\t<\/div>\n\t\t\t\t<\/div>\n\t\t\t\t<div class=\"elementor-element elementor-element-33ae79e elementor-widget elementor-widget-text-editor\" data-id=\"33ae79e\" data-element_type=\"widget\" data-widget_type=\"text-editor.default\">\n\t\t\t\t<div class=\"elementor-widget-container\">\n\t\t\t\t\t\t\t<p>You are realising your impossibly high standards may come at a cost. You are looking to expand your vision of a happy and fulfilling life. You are tired of the stress and pressure to keep up, but you are unsure where to start. You don't have to go through this alone.<\/p><p>Seeking therapy is a positive step toward change. Sometimes we reach a certain point in our life where we no longer feel the gratification that we once thought we would. We can feel lonely and we can lose the fulfilment we had as we progressed in our life. Additionally, it\u2019s not unusual to feel like you don't know when to stop. High achievers are going to give everything they have to their goals at all times and this can be detrimental to their well being.<\/p>\t\t\t\t\t\t<\/div>\n\t\t\t\t<\/div>\n\t\t\t\t\t<\/div>\n\t\t<\/div>\n\t\t\t\t\t<\/div>\n\t\t<\/section>\n\t\t\t\t<section class=\"elementor-section elementor-top-section elementor-element elementor-element-3d2a4f53 elementor-section-boxed elementor-section-height-default elementor-section-height-default\" data-id=\"3d2a4f53\" data-element_type=\"section\">\n\t\t\t\t\t\t<div class=\"elementor-container elementor-column-gap-default\">\n\t\t\t\t\t<div class=\"elementor-column elementor-col-100 elementor-top-column elementor-element elementor-element-58b4c004\" data-id=\"58b4c004\" data-element_type=\"column\">\n\t\t\t<div class=\"elementor-widget-wrap elementor-element-populated\">\n\t\t\t\t\t\t<div class=\"elementor-element elementor-element-6e7c91bf elementor-widget elementor-widget-heading\" data-id=\"6e7c91bf\" data-element_type=\"widget\" data-widget_type=\"heading.default\">\n\t\t\t\t<div class=\"elementor-widget-container\">\n\t\t\t<h2 class=\"elementor-heading-title elementor-size-default\">Kind words<\/h2>\t\t<\/div>\n\t\t\t\t<\/div>\n\t\t\t\t<div class=\"elementor-element elementor-element-264b4654 elementor-testimonial--align-left elementor-testimonial--skin-default elementor-testimonial--layout-image_inline elementor-arrows-yes elementor-pagination-type-bullets elementor-widget elementor-widget-global elementor-global-1129 elementor-widget-testimonial-carousel\" data-id=\"264b4654\" data-element_type=\"widget\" data-settings=\"{&quot;slides_per_view&quot;:&quot;1&quot;,&quot;show_arrows&quot;:&quot;yes&quot;,&quot;pagination&quot;:&quot;bullets&quot;,&quot;speed&quot;:500,&quot;autoplay&quot;:&quot;yes&quot;,&quot;autoplay_speed&quot;:5000,&quot;loop&quot;:&quot;yes&quot;,&quot;pause_on_hover&quot;:&quot;yes&quot;,&quot;pause_on_interaction&quot;:&quot;yes&quot;,&quot;space_between&quot;:{&quot;unit&quot;:&quot;px&quot;,&quot;size&quot;:10,&quot;sizes&quot;:[]},&quot;space_between_tablet&quot;:{&quot;unit&quot;:&quot;px&quot;,&quot;size&quot;:10,&quot;sizes&quot;:[]},&quot;space_between_mobile&quot;:{&quot;unit&quot;:&quot;px&quot;,&quot;size&quot;:10,&quot;sizes&quot;:[]}}\" data-widget_type=\"testimonial-carousel.default\">\n\t\t\t\t<div class=\"elementor-widget-container\">\n\t\t\t\t\t<div class=\"elementor-swiper\">\n\t\t\t<div class=\"elementor-main-swiper swiper\">\n\t\t\t\t<div class=\"swiper-wrapper\">\n\t\t\t\t\t\t\t\t\t\t\t<div class=\"swiper-slide\">\n\t\t\t\t\t\t\t\t\t<div class=\"elementor-testimonial\">\n\t\t\t\t\t\t\t<div class=\"elementor-testimonial__content\">\n\t\t\t\t\t<div class=\"elementor-testimonial__text\">\n\t\t\t\t\t\tI chose therapy because I felt that I needed support in understanding my emotions and adjusting to life in a new place. I had a harder time after breaking up and it was hard for me to learn to live alone. I stopped doing things that gave me pleasure, I had less energy and did not believe in my abilities at work. From the very beginning, Dorota created a safe and comfortable space to talk about very difficult problems for me. The form of online therapy did not interfere with my communication, and it helped me adjust the meeting hours to my lifestyle. While working with Dorota, I felt understood, listened to and motivated to find the source of my problems and apply methods that could help me. Dorota quickly recognized how I worked best and suggested hypnotherapy, which quickly helped me make changes to my daily life, making me more active, confident, and healthier (both physically and mentally). Thanks to therapy, I learned to recognize, express and appreciate emotions, even the more difficult ones. I felt more comfortable with myself and aware of my needs. What I appreciate most about working with Dorota is that I had the opportunity to talk about various situations in my life and express my thoughts and feelings without fear of judgment. \t\t\t\t\t<\/div>\n\t\t\t\t\t\t\t\t\t<\/div>\n\t\t\t\t\t\t<div class=\"elementor-testimonial__footer\">\n\t\t\t\t\t\t\t\t<cite class=\"elementor-testimonial__cite\"><span class=\"elementor-testimonial__name\">Zuza, United Kingdom<\/span><span class=\"elementor-testimonial__title\">Talk therapy &amp; Hypnotherapy<\/span><\/cite>\t\t\t<\/div>\n\t\t<\/div>\n\t\t\t\t\t\t\t\t<\/div>\n\t\t\t\t\t\t\t\t\t\t\t<div class=\"swiper-slide\">\n\t\t\t\t\t\t\t\t\t<div class=\"elementor-testimonial\">\n\t\t\t\t\t\t\t<div class=\"elementor-testimonial__content\">\n\t\t\t\t\t<div class=\"elementor-testimonial__text\">\n\t\t\t\t\t\tI came to Dorota with an important life struggle which seemed like a no way out. At the moment I felt like anything I had done would've been a wrong decision. Sessions helped me in many different ways. I was able to organize my thoughts, hear eye opening questions and get inspiration to help my brain get out of a dead end. What I really appreciated is the fact that I have never felt judged and the sessions were conducted in a very supportive atmosphere. Dorota made the whole process as comfortable as it could be for which I am grateful. From the very first meeting Dorota was highlighting that the decision I was about to make as a result of sessions should be mine and nobody else's. She has never tried to imply any set of values to my decision making process and at the end I felt that the solution is mine and that I take the responsibility for it. Without any doubts I highly recommend Dorota to anyone who feels lost and doesn't know which life decision is the right one.\t\t\t\t\t<\/div>\n\t\t\t\t\t\t\t\t\t<\/div>\n\t\t\t\t\t\t<div class=\"elementor-testimonial__footer\">\n\t\t\t\t\t\t\t\t<cite class=\"elementor-testimonial__cite\"><span class=\"elementor-testimonial__name\">Patryk, Poland<\/span><span class=\"elementor-testimonial__title\">Talk therapy<\/span><\/cite>\t\t\t<\/div>\n\t\t<\/div>\n\t\t\t\t\t\t\t\t<\/div>\n\t\t\t\t\t\t\t\t\t\t\t<div class=\"swiper-slide\">\n\t\t\t\t\t\t\t\t\t<div class=\"elementor-testimonial\">\n\t\t\t\t\t\t\t<div class=\"elementor-testimonial__content\">\n\t\t\t\t\t<div class=\"elementor-testimonial__text\">\n\t\t\t\t\t\tAttempting to drive a car from the back seat without a driving license - this was my life. A fearful, emotional, addicted and resigned man from a dysfunctional home. For the lion's share of my life, I successfully sabotaged myself by entering into toxic relationships, I could not take care of my limits, set goals, and resorted to drugs.\n\nThanks to therapy, I am not afraid to feel and be with myself. I made order with my relationships, I am important to myself and I can be for others. I'm sober. I trusted myself, as I trusted Dorota, whom I am grateful for for the transformation I am going through. For recommended literature and sessions, for strengthening my passions, for being with me on this journey.\n\nI stop fighting and start living.\t\t\t\t\t<\/div>\n\t\t\t\t\t\t\t\t\t<\/div>\n\t\t\t\t\t\t<div class=\"elementor-testimonial__footer\">\n\t\t\t\t\t\t\t\t<cite class=\"elementor-testimonial__cite\"><span class=\"elementor-testimonial__name\">Martin, Germany<\/span><span class=\"elementor-testimonial__title\">Talk therapy<\/span><\/cite>\t\t\t<\/div>\n\t\t<\/div>\n\t\t\t\t\t\t\t\t<\/div>\n\t\t\t\t\t\t\t\t\t\t\t<div class=\"swiper-slide\">\n\t\t\t\t\t\t\t\t\t<div class=\"elementor-testimonial\">\n\t\t\t\t\t\t\t<div class=\"elementor-testimonial__content\">\n\t\t\t\t\t<div class=\"elementor-testimonial__text\">\n\t\t\t\t\t\tI recommend therapy with Dorota with all my heart! I was looking for a therapist for a long time, and before the booking, I was blocked by fear and shame, Dorota masterfully can build a sense of security and comfort during the session, make each subsequent session a step forward in my life.\n\nDorota's professionalism, empathy, sense of humor, and most of all her knowledge give me the opportunity to really deeply and fully reflect and motivate me to change myself.\n\nI wholeheartedly recommend to anyone who wants to learn more about themselves, wants to live a fuller and better life. I feel that I am gaining a lot from the therapy with Dorota, my self-esteem, self-confidence and understanding of what healthy relationships with other people are.\t\t\t\t\t<\/div>\n\t\t\t\t\t\t\t\t\t<\/div>\n\t\t\t\t\t\t<div class=\"elementor-testimonial__footer\">\n\t\t\t\t\t\t\t\t<cite class=\"elementor-testimonial__cite\"><span class=\"elementor-testimonial__name\">Justyna, Poland<\/span><span class=\"elementor-testimonial__title\">Talk therapy<\/span><\/cite>\t\t\t<\/div>\n\t\t<\/div>\n\t\t\t\t\t\t\t\t<\/div>\n\t\t\t\t\t\t\t\t\t\t\t<div class=\"swiper-slide\">\n\t\t\t\t\t\t\t\t\t<div class=\"elementor-testimonial\">\n\t\t\t\t\t\t\t<div class=\"elementor-testimonial__content\">\n\t\t\t\t\t<div class=\"elementor-testimonial__text\">\n\t\t\t\t\t\tFor many years I have faced a trauma that I could not tell anyone about. I was ashamed, I was a lack of space, had an emotional problems. I decided to change something in my life and ended up in therapy. Full professionalism and a friendly atmosphere that prevailed at the meetings with Dorota \t\t\t\t\t<\/div>\n\t\t\t\t\t\t\t\t\t<\/div>\n\t\t\t\t\t\t<div class=\"elementor-testimonial__footer\">\n\t\t\t\t\t\t\t\t<cite class=\"elementor-testimonial__cite\"><span class=\"elementor-testimonial__name\">\u00c1sbj\u00f6rg, Iceland<\/span><span class=\"elementor-testimonial__title\">Talk therapy &amp; Hypnotherapy<\/span><\/cite>\t\t\t<\/div>\n\t\t<\/div>\n\t\t\t\t\t\t\t\t<\/div>\n\t\t\t\t\t\t\t\t\t<\/div>\n\t\t\t\t\t\t\t\t\t\t\t\t\t\t\t<div class=\"swiper-pagination\"><\/div>\n\t\t\t\t\t\t\t\t\t\t\t\t\t\t\t\t<div class=\"elementor-swiper-button elementor-swiper-button-prev\" role=\"button\" tabindex=\"0\">\n\t\t\t\t\t\t\t<i aria-hidden=\"true\" class=\"eicon-chevron-left\"><\/i>\t\t\t\t\t\t\t<span class=\"elementor-screen-only\">Previous<\/span>\n\t\t\t\t\t\t<\/div>\n\t\t\t\t\t\t<div class=\"elementor-swiper-button elementor-swiper-button-next\" role=\"button\" tabindex=\"0\">\n\t\t\t\t\t\t\t<i aria-hidden=\"true\" class=\"eicon-chevron-right\"><\/i>\t\t\t\t\t\t\t<span class=\"elementor-screen-only\">Next<\/span>\n\t\t\t\t\t\t<\/div>\n\t\t\t\t\t\t\t\t\t\t\t\t<\/div>\n\t\t<\/div>\n\t\t\t\t<\/div>\n\t\t\t\t<\/div>\n\t\t\t\t\t<\/div>\n\t\t<\/div>\n\t\t\t\t\t<\/div>\n\t\t<\/section>\n\t\t\t\t<\/div>","protected":false},"excerpt":{"rendered":"<p>OFERTA Kogo uwa\u017ca si\u0119 za osob\u0119 osi\u0105gaj\u0105c\u0105 wysokie wyniki? Masz wysok\u0105 motywacj\u0119 do odniesienia sukcesu. Zrobisz wszystko, aby osi\u0105gn\u0105\u0107 swoje cele. Jeste\u015b ambitny, odporny. By\u0107 mo\u017ce du\u017co wymagasz od ludzi wok\u00f3\u0142 siebie, poniewa\u017c wiele oczekujesz od siebie. Co wi\u0119cej, nierzadko zdarza si\u0119, \u017ce skupiasz si\u0119 na swojej \u015bcie\u017cce kariery. Z zewn\u0105trz wygl\u0105da na to, \u017ce [&hellip;]<\/p>","protected":false},"author":1,"featured_media":1248,"parent":15,"menu_order":0,"comment_status":"closed","ping_status":"closed","template":"elementor_header_footer","meta":{"footnotes":""},"class_list":["post-27","page","type-page","status-publish","has-post-thumbnail","hentry"],"yoast_head":"<!-- This site is optimized with the Yoast SEO plugin v23.9 - https:\/\/yoast.com\/wordpress\/plugins\/seo\/ -->\n<title>Psychotherapia dla \u201eHigh Achievers - Psycholog \u2022 Dorota Bednarko \u2022 Wolno\u015b\u0107, Spe\u0142nienie, Witalno\u015b\u0107<\/title>\n<meta name=\"robots\" content=\"index, follow, max-snippet:-1, max-image-preview:large, max-video-preview:-1\" \/>\n<link rel=\"canonical\" href=\"https:\/\/i-am.com.pl\/en\/oferta\/psychotherapia-dla-high-achievers\/\" \/>\n<meta property=\"og:locale\" content=\"en_GB\" \/>\n<meta property=\"og:type\" content=\"article\" \/>\n<meta property=\"og:title\" content=\"Psychotherapia dla \u201eHigh Achievers - Psycholog \u2022 Dorota Bednarko \u2022 Wolno\u015b\u0107, Spe\u0142nienie, Witalno\u015b\u0107\" \/>\n<meta property=\"og:description\" content=\"OFERTA Kogo uwa\u017ca si\u0119 za osob\u0119 osi\u0105gaj\u0105c\u0105 wysokie wyniki? Masz wysok\u0105 motywacj\u0119 do odniesienia sukcesu. Zrobisz wszystko, aby osi\u0105gn\u0105\u0107 swoje cele. Jeste\u015b ambitny, odporny. By\u0107 mo\u017ce du\u017co wymagasz od ludzi wok\u00f3\u0142 siebie, poniewa\u017c wiele oczekujesz od siebie. Co wi\u0119cej, nierzadko zdarza si\u0119, \u017ce skupiasz si\u0119 na swojej \u015bcie\u017cce kariery. Z zewn\u0105trz wygl\u0105da na to, \u017ce [&hellip;]\" \/>\n<meta property=\"og:url\" content=\"https:\/\/i-am.com.pl\/en\/oferta\/psychotherapia-dla-high-achievers\/\" \/>\n<meta property=\"og:site_name\" content=\"Psycholog \u2022 Dorota Bednarko \u2022 Wolno\u015b\u0107, Spe\u0142nienie, Witalno\u015b\u0107\" \/>\n<meta property=\"article:modified_time\" content=\"2023-12-30T10:18:33+00:00\" \/>\n<meta property=\"og:image\" content=\"https:\/\/i-am.com.pl\/wp-content\/uploads\/2022\/02\/dorota-bednarko-psychoterapetura-i-am.jpg\" \/>\n\t<meta property=\"og:image:width\" content=\"1200\" \/>\n\t<meta property=\"og:image:height\" content=\"600\" \/>\n\t<meta property=\"og:image:type\" content=\"image\/jpeg\" \/>\n<meta name=\"twitter:card\" content=\"summary_large_image\" \/>\n<meta name=\"twitter:label1\" content=\"Estimated reading time\" \/>\n\t<meta name=\"twitter:data1\" content=\"4 minutes\" \/>\n<script type=\"application\/ld+json\" class=\"yoast-schema-graph\">{\"@context\":\"https:\/\/schema.org\",\"@graph\":[{\"@type\":\"WebPage\",\"@id\":\"https:\/\/i-am.com.pl\/oferta\/psychotherapia-dla-high-achievers\/\",\"url\":\"https:\/\/i-am.com.pl\/oferta\/psychotherapia-dla-high-achievers\/\",\"name\":\"Psychotherapia dla \u201eHigh Achievers - Psycholog \u2022 Dorota Bednarko \u2022 Wolno\u015b\u0107, Spe\u0142nienie, Witalno\u015b\u0107\",\"isPartOf\":{\"@id\":\"https:\/\/i-am.com.pl\/#website\"},\"primaryImageOfPage\":{\"@id\":\"https:\/\/i-am.com.pl\/oferta\/psychotherapia-dla-high-achievers\/#primaryimage\"},\"image\":{\"@id\":\"https:\/\/i-am.com.pl\/oferta\/psychotherapia-dla-high-achievers\/#primaryimage\"},\"thumbnailUrl\":\"https:\/\/i-am.com.pl\/wp-content\/uploads\/2022\/02\/dorota-bednarko-psychoterapetura-i-am.jpg\",\"datePublished\":\"2020-09-14T14:10:39+00:00\",\"dateModified\":\"2023-12-30T10:18:33+00:00\",\"breadcrumb\":{\"@id\":\"https:\/\/i-am.com.pl\/oferta\/psychotherapia-dla-high-achievers\/#breadcrumb\"},\"inLanguage\":\"en-GB\",\"potentialAction\":[{\"@type\":\"ReadAction\",\"target\":[\"https:\/\/i-am.com.pl\/oferta\/psychotherapia-dla-high-achievers\/\"]}]},{\"@type\":\"ImageObject\",\"inLanguage\":\"en-GB\",\"@id\":\"https:\/\/i-am.com.pl\/oferta\/psychotherapia-dla-high-achievers\/#primaryimage\",\"url\":\"https:\/\/i-am.com.pl\/wp-content\/uploads\/2022\/02\/dorota-bednarko-psychoterapetura-i-am.jpg\",\"contentUrl\":\"https:\/\/i-am.com.pl\/wp-content\/uploads\/2022\/02\/dorota-bednarko-psychoterapetura-i-am.jpg\",\"width\":1200,\"height\":600},{\"@type\":\"BreadcrumbList\",\"@id\":\"https:\/\/i-am.com.pl\/oferta\/psychotherapia-dla-high-achievers\/#breadcrumb\",\"itemListElement\":[{\"@type\":\"ListItem\",\"position\":1,\"name\":\"Strona g\u0142\u00f3wna\",\"item\":\"https:\/\/i-am.com.pl\/\"},{\"@type\":\"ListItem\",\"position\":2,\"name\":\"OFERTA\",\"item\":\"https:\/\/i-am.com.pl\/oferta\/\"},{\"@type\":\"ListItem\",\"position\":3,\"name\":\"Psychotherapia dla \u201eHigh Achievers\"}]},{\"@type\":\"WebSite\",\"@id\":\"https:\/\/i-am.com.pl\/#website\",\"url\":\"https:\/\/i-am.com.pl\/\",\"name\":\"Psycholog \u2022 Dorota Bednarko \u2022 Wolno\u015b\u0107, Spe\u0142nienie, Witalno\u015b\u0107\",\"description\":\"Dorota Bednarko, psycholog. Moim celem jest pom\u00f3c Ci uwolni\u0107 si\u0119 od ograniczaj\u0105cych Ci\u0119 przekona\u0144, kt\u00f3re blokuj\u0105 Tw\u00f3j rozw\u00f3j poprzez terapi\u0119 RTT, porad\u0119 psychologiczn\u0105 czy klasyczn\u0105 psychoterapi\u0119. Oferuj\u0119 darmow\u0105, wst\u0119pn\u0105 konsultacj\u0119.\",\"potentialAction\":[{\"@type\":\"SearchAction\",\"target\":{\"@type\":\"EntryPoint\",\"urlTemplate\":\"https:\/\/i-am.com.pl\/?s={search_term_string}\"},\"query-input\":{\"@type\":\"PropertyValueSpecification\",\"valueRequired\":true,\"valueName\":\"search_term_string\"}}],\"inLanguage\":\"en-GB\"}]}<\/script>\n<!-- \/ Yoast SEO plugin. -->","yoast_head_json":{"title":"Psychotherapia dla \u201eHigh Achievers - Psycholog \u2022 Dorota Bednarko \u2022 Wolno\u015b\u0107, Spe\u0142nienie, Witalno\u015b\u0107","robots":{"index":"index","follow":"follow","max-snippet":"max-snippet:-1","max-image-preview":"max-image-preview:large","max-video-preview":"max-video-preview:-1"},"canonical":"https:\/\/i-am.com.pl\/en\/oferta\/psychotherapia-dla-high-achievers\/","og_locale":"en_GB","og_type":"article","og_title":"Psychotherapia dla \u201eHigh Achievers - Psycholog \u2022 Dorota Bednarko \u2022 Wolno\u015b\u0107, Spe\u0142nienie, Witalno\u015b\u0107","og_description":"OFERTA Kogo uwa\u017ca si\u0119 za osob\u0119 osi\u0105gaj\u0105c\u0105 wysokie wyniki? Masz wysok\u0105 motywacj\u0119 do odniesienia sukcesu. Zrobisz wszystko, aby osi\u0105gn\u0105\u0107 swoje cele. Jeste\u015b ambitny, odporny. By\u0107 mo\u017ce du\u017co wymagasz od ludzi wok\u00f3\u0142 siebie, poniewa\u017c wiele oczekujesz od siebie. Co wi\u0119cej, nierzadko zdarza si\u0119, \u017ce skupiasz si\u0119 na swojej \u015bcie\u017cce kariery. Z zewn\u0105trz wygl\u0105da na to, \u017ce [&hellip;]","og_url":"https:\/\/i-am.com.pl\/en\/oferta\/psychotherapia-dla-high-achievers\/","og_site_name":"Psycholog \u2022 Dorota Bednarko \u2022 Wolno\u015b\u0107, Spe\u0142nienie, Witalno\u015b\u0107","article_modified_time":"2023-12-30T10:18:33+00:00","og_image":[{"width":1200,"height":600,"url":"https:\/\/i-am.com.pl\/wp-content\/uploads\/2022\/02\/dorota-bednarko-psychoterapetura-i-am.jpg","type":"image\/jpeg"}],"twitter_card":"summary_large_image","twitter_misc":{"Estimated reading time":"4 minutes"},"schema":{"@context":"https:\/\/schema.org","@graph":[{"@type":"WebPage","@id":"https:\/\/i-am.com.pl\/oferta\/psychotherapia-dla-high-achievers\/","url":"https:\/\/i-am.com.pl\/oferta\/psychotherapia-dla-high-achievers\/","name":"Psychotherapia dla \u201eHigh Achievers - Psycholog \u2022 Dorota Bednarko \u2022 Wolno\u015b\u0107, Spe\u0142nienie, Witalno\u015b\u0107","isPartOf":{"@id":"https:\/\/i-am.com.pl\/#website"},"primaryImageOfPage":{"@id":"https:\/\/i-am.com.pl\/oferta\/psychotherapia-dla-high-achievers\/#primaryimage"},"image":{"@id":"https:\/\/i-am.com.pl\/oferta\/psychotherapia-dla-high-achievers\/#primaryimage"},"thumbnailUrl":"https:\/\/i-am.com.pl\/wp-content\/uploads\/2022\/02\/dorota-bednarko-psychoterapetura-i-am.jpg","datePublished":"2020-09-14T14:10:39+00:00","dateModified":"2023-12-30T10:18:33+00:00","breadcrumb":{"@id":"https:\/\/i-am.com.pl\/oferta\/psychotherapia-dla-high-achievers\/#breadcrumb"},"inLanguage":"en-GB","potentialAction":[{"@type":"ReadAction","target":["https:\/\/i-am.com.pl\/oferta\/psychotherapia-dla-high-achievers\/"]}]},{"@type":"ImageObject","inLanguage":"en-GB","@id":"https:\/\/i-am.com.pl\/oferta\/psychotherapia-dla-high-achievers\/#primaryimage","url":"https:\/\/i-am.com.pl\/wp-content\/uploads\/2022\/02\/dorota-bednarko-psychoterapetura-i-am.jpg","contentUrl":"https:\/\/i-am.com.pl\/wp-content\/uploads\/2022\/02\/dorota-bednarko-psychoterapetura-i-am.jpg","width":1200,"height":600},{"@type":"BreadcrumbList","@id":"https:\/\/i-am.com.pl\/oferta\/psychotherapia-dla-high-achievers\/#breadcrumb","itemListElement":[{"@type":"ListItem","position":1,"name":"Strona g\u0142\u00f3wna","item":"https:\/\/i-am.com.pl\/"},{"@type":"ListItem","position":2,"name":"OFERTA","item":"https:\/\/i-am.com.pl\/oferta\/"},{"@type":"ListItem","position":3,"name":"Psychotherapia dla \u201eHigh Achievers"}]},{"@type":"WebSite","@id":"https:\/\/i-am.com.pl\/#website","url":"https:\/\/i-am.com.pl\/","name":"Psycholog \u2022 Dorota Bednarko \u2022 Wolno\u015b\u0107, Spe\u0142nienie, Witalno\u015b\u0107","description":"Dorota Bednarko, psycholog. Moim celem jest pom\u00f3c Ci uwolni\u0107 si\u0119 od ograniczaj\u0105cych Ci\u0119 przekona\u0144, kt\u00f3re blokuj\u0105 Tw\u00f3j rozw\u00f3j poprzez terapi\u0119 RTT, porad\u0119 psychologiczn\u0105 czy klasyczn\u0105 psychoterapi\u0119. Oferuj\u0119 darmow\u0105, wst\u0119pn\u0105 konsultacj\u0119.","potentialAction":[{"@type":"SearchAction","target":{"@type":"EntryPoint","urlTemplate":"https:\/\/i-am.com.pl\/?s={search_term_string}"},"query-input":{"@type":"PropertyValueSpecification","valueRequired":true,"valueName":"search_term_string"}}],"inLanguage":"en-GB"}]}},"_links":{"self":[{"href":"https:\/\/i-am.com.pl\/en\/wp-json\/wp\/v2\/pages\/27","targetHints":{"allow":["GET"]}}],"collection":[{"href":"https:\/\/i-am.com.pl\/en\/wp-json\/wp\/v2\/pages"}],"about":[{"href":"https:\/\/i-am.com.pl\/en\/wp-json\/wp\/v2\/types\/page"}],"author":[{"embeddable":true,"href":"https:\/\/i-am.com.pl\/en\/wp-json\/wp\/v2\/users\/1"}],"replies":[{"embeddable":true,"href":"https:\/\/i-am.com.pl\/en\/wp-json\/wp\/v2\/comments?post=27"}],"version-history":[{"count":0,"href":"https:\/\/i-am.com.pl\/en\/wp-json\/wp\/v2\/pages\/27\/revisions"}],"up":[{"embeddable":true,"href":"https:\/\/i-am.com.pl\/en\/wp-json\/wp\/v2\/pages\/15"}],"wp:featuredmedia":[{"embeddable":true,"href":"https:\/\/i-am.com.pl\/en\/wp-json\/wp\/v2\/media\/1248"}],"wp:attachment":[{"href":"https:\/\/i-am.com.pl\/en\/wp-json\/wp\/v2\/media?parent=27"}],"curies":[{"name":"wp","href":"https:\/\/api.w.org\/{rel}","templated":true}]}}