{"id":934,"date":"2021-01-01T14:09:45","date_gmt":"2021-01-01T14:09:45","guid":{"rendered":"https:\/\/i-am.com.pl\/?page_id=934"},"modified":"2023-12-30T10:45:37","modified_gmt":"2023-12-30T10:45:37","slug":"co-moze-dac-mi-psychoterapia","status":"publish","type":"page","link":"https:\/\/i-am.com.pl\/en\/service\/how-can-i-benefit-from-psychotherapy\/","title":{"rendered":"How can I benefit from psychotherapy?"},"content":{"rendered":"<div data-elementor-type=\"wp-page\" data-elementor-id=\"934\" class=\"elementor elementor-934\" data-elementor-post-type=\"page\">\n\t\t\t\t\t\t<section class=\"elementor-section elementor-top-section elementor-element elementor-element-1742898f elementor-section-height-min-height elementor-section-boxed elementor-section-height-default elementor-section-items-middle\" data-id=\"1742898f\" data-element_type=\"section\" data-settings=\"{&quot;background_background&quot;:&quot;classic&quot;}\">\n\t\t\t\t\t\t\t<div class=\"elementor-background-overlay\"><\/div>\n\t\t\t\t\t\t\t<div class=\"elementor-container elementor-column-gap-default\">\n\t\t\t\t\t<div class=\"elementor-column elementor-col-100 elementor-top-column elementor-element elementor-element-25540d8b elementor-invisible\" data-id=\"25540d8b\" data-element_type=\"column\" data-settings=\"{&quot;animation&quot;:&quot;fadeIn&quot;}\">\n\t\t\t<div class=\"elementor-widget-wrap elementor-element-populated\">\n\t\t\t\t\t\t<div class=\"elementor-element elementor-element-550c56f1 elementor-widget elementor-widget-heading\" data-id=\"550c56f1\" data-element_type=\"widget\" data-widget_type=\"heading.default\">\n\t\t\t\t<div class=\"elementor-widget-container\">\n\t\t\t<h1 class=\"elementor-heading-title elementor-size-default\">SERVICES<\/h1>\t\t<\/div>\n\t\t\t\t<\/div>\n\t\t\t\t\t<\/div>\n\t\t<\/div>\n\t\t\t\t\t<\/div>\n\t\t<\/section>\n\t\t\t\t<section class=\"elementor-section elementor-top-section elementor-element elementor-element-592ac7b elementor-section-boxed elementor-section-height-default elementor-section-height-default\" data-id=\"592ac7b\" data-element_type=\"section\" data-settings=\"{&quot;background_background&quot;:&quot;classic&quot;}\">\n\t\t\t\t\t\t\t<div class=\"elementor-background-overlay\"><\/div>\n\t\t\t\t\t\t\t<div class=\"elementor-container elementor-column-gap-default\">\n\t\t\t\t\t<div class=\"elementor-column elementor-col-100 elementor-top-column elementor-element elementor-element-295b4c5\" data-id=\"295b4c5\" data-element_type=\"column\">\n\t\t\t<div class=\"elementor-widget-wrap elementor-element-populated\">\n\t\t\t\t\t\t<div class=\"elementor-element elementor-element-b914039 elementor-widget elementor-widget-heading\" data-id=\"b914039\" data-element_type=\"widget\" data-widget_type=\"heading.default\">\n\t\t\t\t<div class=\"elementor-widget-container\">\n\t\t\t<h2 class=\"elementor-heading-title elementor-size-default\">I specialize in individual therapy. <\/h2>\t\t<\/div>\n\t\t\t\t<\/div>\n\t\t\t\t<div class=\"elementor-element elementor-element-d618848 elementor-widget elementor-widget-text-editor\" data-id=\"d618848\" data-element_type=\"widget\" data-widget_type=\"text-editor.default\">\n\t\t\t\t<div class=\"elementor-widget-container\">\n\t\t\t\t\t\t\t<p>I\u2019m working with clients across a variety of areas \u2013 life-changing events, dissatisfaction with life, relationship issues, self-worth\/esteem, difficulty in making good life choices, personal\/professional development. Often clients face a combination of many of the above. I help clients unlock the reasons behind blockages and find the root cause of their emotions and beliefs.<\/p>\t\t\t\t\t\t<\/div>\n\t\t\t\t<\/div>\n\t\t\t\t<div class=\"elementor-element elementor-element-44ed785 elementor-widget elementor-widget-heading\" data-id=\"44ed785\" data-element_type=\"widget\" data-widget_type=\"heading.default\">\n\t\t\t\t<div class=\"elementor-widget-container\">\n\t\t\t<h2 class=\"elementor-heading-title elementor-size-default\">When could you consider psychotherapy?<\/h2>\t\t<\/div>\n\t\t\t\t<\/div>\n\t\t\t\t<div class=\"elementor-element elementor-element-012bfd2 elementor-widget elementor-widget-text-editor\" data-id=\"012bfd2\" data-element_type=\"widget\" data-widget_type=\"text-editor.default\">\n\t\t\t\t<div class=\"elementor-widget-container\">\n\t\t\t\t\t\t\t<p>You are looking to expand your vision of a happy and fulfilling life but you are unsure where to start. Sometimes we reach a certain point in our life where we no longer feel the gratification that we once thought we would. We can feel lonely and we can lose the fulfilment we had as we progressed in our life. You don't have to go through this alone. Seeking pschotherapy is a positive step toward change.<\/p>\t\t\t\t\t\t<\/div>\n\t\t\t\t<\/div>\n\t\t\t\t<div class=\"elementor-element elementor-element-046cbc8 elementor-widget elementor-widget-heading\" data-id=\"046cbc8\" data-element_type=\"widget\" data-widget_type=\"heading.default\">\n\t\t\t\t<div class=\"elementor-widget-container\">\n\t\t\t<h2 class=\"elementor-heading-title elementor-size-default\">Our sessions can help you:<\/h2>\t\t<\/div>\n\t\t\t\t<\/div>\n\t\t\t\t<div class=\"elementor-element elementor-element-479b868 elementor-widget elementor-widget-text-editor\" data-id=\"479b868\" data-element_type=\"widget\" data-widget_type=\"text-editor.default\">\n\t\t\t\t<div class=\"elementor-widget-container\">\n\t\t\t\t\t\t\t<p>\u2022 To live with inner consent to what you value, aspire and need<br \/>\u2022 To be yourself and understand yourself on a deeper level<br \/>\u2022 Experiencing life fully and authentically<br \/>\u2022 To be with the reality- focusing on the present while building a meaningful<br \/>future<br \/>\u2022 Develop caring relationships<br \/>\u2022 Build mental strength\u00a0<\/p>\t\t\t\t\t\t<\/div>\n\t\t\t\t<\/div>\n\t\t\t\t<div class=\"elementor-element elementor-element-04d64e8 elementor-widget elementor-widget-text-editor\" data-id=\"04d64e8\" data-element_type=\"widget\" data-widget_type=\"text-editor.default\">\n\t\t\t\t<div class=\"elementor-widget-container\">\n\t\t\t\t\t\t\t<p>Not all forms of psychotherapy focus solely on the past. We will use past as a background to understand you. In my psychotherapy practice, I mosty work within the present while building a future. I can help you examine the bigger picture of your existence and values. It may be a good fit for you if:<\/p><p>\u2022 You possess strong ability to self-reflect <br \/>\u2022 You prefer intellectual forms of therapy<br \/>\u2022 You want to understand your values and motivations<\/p>\t\t\t\t\t\t<\/div>\n\t\t\t\t<\/div>\n\t\t\t\t\t<\/div>\n\t\t<\/div>\n\t\t\t\t\t<\/div>\n\t\t<\/section>\n\t\t\t\t<section class=\"elementor-section elementor-top-section elementor-element elementor-element-bb9a415 elementor-section-boxed elementor-section-height-default elementor-section-height-default\" data-id=\"bb9a415\" data-element_type=\"section\">\n\t\t\t\t\t\t<div class=\"elementor-container elementor-column-gap-default\">\n\t\t\t\t\t<div class=\"elementor-column elementor-col-100 elementor-top-column elementor-element elementor-element-3ed894d9\" data-id=\"3ed894d9\" data-element_type=\"column\">\n\t\t\t<div class=\"elementor-widget-wrap elementor-element-populated\">\n\t\t\t\t\t\t<div class=\"elementor-element elementor-element-2756df8 elementor-widget elementor-widget-heading\" data-id=\"2756df8\" data-element_type=\"widget\" data-widget_type=\"heading.default\">\n\t\t\t\t<div class=\"elementor-widget-container\">\n\t\t\t<h2 class=\"elementor-heading-title elementor-size-default\">Kind words<\/h2>\t\t<\/div>\n\t\t\t\t<\/div>\n\t\t\t\t<div class=\"elementor-element elementor-element-5552a11e elementor-testimonial--align-left elementor-testimonial--skin-default elementor-testimonial--layout-image_inline elementor-arrows-yes elementor-pagination-type-bullets elementor-widget elementor-widget-global elementor-global-1129 elementor-widget-testimonial-carousel\" data-id=\"5552a11e\" data-element_type=\"widget\" data-settings=\"{&quot;slides_per_view&quot;:&quot;1&quot;,&quot;show_arrows&quot;:&quot;yes&quot;,&quot;pagination&quot;:&quot;bullets&quot;,&quot;speed&quot;:500,&quot;autoplay&quot;:&quot;yes&quot;,&quot;autoplay_speed&quot;:5000,&quot;loop&quot;:&quot;yes&quot;,&quot;pause_on_hover&quot;:&quot;yes&quot;,&quot;pause_on_interaction&quot;:&quot;yes&quot;,&quot;space_between&quot;:{&quot;unit&quot;:&quot;px&quot;,&quot;size&quot;:10,&quot;sizes&quot;:[]},&quot;space_between_tablet&quot;:{&quot;unit&quot;:&quot;px&quot;,&quot;size&quot;:10,&quot;sizes&quot;:[]},&quot;space_between_mobile&quot;:{&quot;unit&quot;:&quot;px&quot;,&quot;size&quot;:10,&quot;sizes&quot;:[]}}\" data-widget_type=\"testimonial-carousel.default\">\n\t\t\t\t<div class=\"elementor-widget-container\">\n\t\t\t\t\t<div class=\"elementor-swiper\">\n\t\t\t<div class=\"elementor-main-swiper swiper\">\n\t\t\t\t<div class=\"swiper-wrapper\">\n\t\t\t\t\t\t\t\t\t\t\t<div class=\"swiper-slide\">\n\t\t\t\t\t\t\t\t\t<div class=\"elementor-testimonial\">\n\t\t\t\t\t\t\t<div class=\"elementor-testimonial__content\">\n\t\t\t\t\t<div class=\"elementor-testimonial__text\">\n\t\t\t\t\t\tI chose therapy because I felt that I needed support in understanding my emotions and adjusting to life in a new place. I had a harder time after breaking up and it was hard for me to learn to live alone. I stopped doing things that gave me pleasure, I had less energy and did not believe in my abilities at work. From the very beginning, Dorota created a safe and comfortable space to talk about very difficult problems for me. The form of online therapy did not interfere with my communication, and it helped me adjust the meeting hours to my lifestyle. While working with Dorota, I felt understood, listened to and motivated to find the source of my problems and apply methods that could help me. Dorota quickly recognized how I worked best and suggested hypnotherapy, which quickly helped me make changes to my daily life, making me more active, confident, and healthier (both physically and mentally). Thanks to therapy, I learned to recognize, express and appreciate emotions, even the more difficult ones. I felt more comfortable with myself and aware of my needs. What I appreciate most about working with Dorota is that I had the opportunity to talk about various situations in my life and express my thoughts and feelings without fear of judgment. \t\t\t\t\t<\/div>\n\t\t\t\t\t\t\t\t\t<\/div>\n\t\t\t\t\t\t<div class=\"elementor-testimonial__footer\">\n\t\t\t\t\t\t\t\t<cite class=\"elementor-testimonial__cite\"><span class=\"elementor-testimonial__name\">Zuza, United Kingdom<\/span><span class=\"elementor-testimonial__title\">Talk therapy &amp; Hypnotherapy<\/span><\/cite>\t\t\t<\/div>\n\t\t<\/div>\n\t\t\t\t\t\t\t\t<\/div>\n\t\t\t\t\t\t\t\t\t\t\t<div class=\"swiper-slide\">\n\t\t\t\t\t\t\t\t\t<div class=\"elementor-testimonial\">\n\t\t\t\t\t\t\t<div class=\"elementor-testimonial__content\">\n\t\t\t\t\t<div class=\"elementor-testimonial__text\">\n\t\t\t\t\t\tI came to Dorota with an important life struggle which seemed like a no way out. At the moment I felt like anything I had done would've been a wrong decision. Sessions helped me in many different ways. I was able to organize my thoughts, hear eye opening questions and get inspiration to help my brain get out of a dead end. What I really appreciated is the fact that I have never felt judged and the sessions were conducted in a very supportive atmosphere. Dorota made the whole process as comfortable as it could be for which I am grateful. From the very first meeting Dorota was highlighting that the decision I was about to make as a result of sessions should be mine and nobody else's. She has never tried to imply any set of values to my decision making process and at the end I felt that the solution is mine and that I take the responsibility for it. Without any doubts I highly recommend Dorota to anyone who feels lost and doesn't know which life decision is the right one.\t\t\t\t\t<\/div>\n\t\t\t\t\t\t\t\t\t<\/div>\n\t\t\t\t\t\t<div class=\"elementor-testimonial__footer\">\n\t\t\t\t\t\t\t\t<cite class=\"elementor-testimonial__cite\"><span class=\"elementor-testimonial__name\">Patryk, Poland<\/span><span class=\"elementor-testimonial__title\">Talk therapy<\/span><\/cite>\t\t\t<\/div>\n\t\t<\/div>\n\t\t\t\t\t\t\t\t<\/div>\n\t\t\t\t\t\t\t\t\t\t\t<div class=\"swiper-slide\">\n\t\t\t\t\t\t\t\t\t<div class=\"elementor-testimonial\">\n\t\t\t\t\t\t\t<div class=\"elementor-testimonial__content\">\n\t\t\t\t\t<div class=\"elementor-testimonial__text\">\n\t\t\t\t\t\tAttempting to drive a car from the back seat without a driving license - this was my life. A fearful, emotional, addicted and resigned man from a dysfunctional home. For the lion's share of my life, I successfully sabotaged myself by entering into toxic relationships, I could not take care of my limits, set goals, and resorted to drugs.\n\nThanks to therapy, I am not afraid to feel and be with myself. I made order with my relationships, I am important to myself and I can be for others. I'm sober. I trusted myself, as I trusted Dorota, whom I am grateful for for the transformation I am going through. For recommended literature and sessions, for strengthening my passions, for being with me on this journey.\n\nI stop fighting and start living.\t\t\t\t\t<\/div>\n\t\t\t\t\t\t\t\t\t<\/div>\n\t\t\t\t\t\t<div class=\"elementor-testimonial__footer\">\n\t\t\t\t\t\t\t\t<cite class=\"elementor-testimonial__cite\"><span class=\"elementor-testimonial__name\">Martin, Germany<\/span><span class=\"elementor-testimonial__title\">Talk therapy<\/span><\/cite>\t\t\t<\/div>\n\t\t<\/div>\n\t\t\t\t\t\t\t\t<\/div>\n\t\t\t\t\t\t\t\t\t\t\t<div class=\"swiper-slide\">\n\t\t\t\t\t\t\t\t\t<div class=\"elementor-testimonial\">\n\t\t\t\t\t\t\t<div class=\"elementor-testimonial__content\">\n\t\t\t\t\t<div class=\"elementor-testimonial__text\">\n\t\t\t\t\t\tI recommend therapy with Dorota with all my heart! I was looking for a therapist for a long time, and before the booking, I was blocked by fear and shame, Dorota masterfully can build a sense of security and comfort during the session, make each subsequent session a step forward in my life.\n\nDorota's professionalism, empathy, sense of humor, and most of all her knowledge give me the opportunity to really deeply and fully reflect and motivate me to change myself.\n\nI wholeheartedly recommend to anyone who wants to learn more about themselves, wants to live a fuller and better life. I feel that I am gaining a lot from the therapy with Dorota, my self-esteem, self-confidence and understanding of what healthy relationships with other people are.\t\t\t\t\t<\/div>\n\t\t\t\t\t\t\t\t\t<\/div>\n\t\t\t\t\t\t<div class=\"elementor-testimonial__footer\">\n\t\t\t\t\t\t\t\t<cite class=\"elementor-testimonial__cite\"><span class=\"elementor-testimonial__name\">Justyna, Poland<\/span><span class=\"elementor-testimonial__title\">Talk therapy<\/span><\/cite>\t\t\t<\/div>\n\t\t<\/div>\n\t\t\t\t\t\t\t\t<\/div>\n\t\t\t\t\t\t\t\t\t\t\t<div class=\"swiper-slide\">\n\t\t\t\t\t\t\t\t\t<div class=\"elementor-testimonial\">\n\t\t\t\t\t\t\t<div class=\"elementor-testimonial__content\">\n\t\t\t\t\t<div class=\"elementor-testimonial__text\">\n\t\t\t\t\t\tFor many years I have faced a trauma that I could not tell anyone about. I was ashamed, I was a lack of space, had an emotional problems. I decided to change something in my life and ended up in therapy. Full professionalism and a friendly atmosphere that prevailed at the meetings with Dorota \t\t\t\t\t<\/div>\n\t\t\t\t\t\t\t\t\t<\/div>\n\t\t\t\t\t\t<div class=\"elementor-testimonial__footer\">\n\t\t\t\t\t\t\t\t<cite class=\"elementor-testimonial__cite\"><span class=\"elementor-testimonial__name\">\u00c1sbj\u00f6rg, Iceland<\/span><span class=\"elementor-testimonial__title\">Talk therapy &amp; Hypnotherapy<\/span><\/cite>\t\t\t<\/div>\n\t\t<\/div>\n\t\t\t\t\t\t\t\t<\/div>\n\t\t\t\t\t\t\t\t\t<\/div>\n\t\t\t\t\t\t\t\t\t\t\t\t\t\t\t<div class=\"swiper-pagination\"><\/div>\n\t\t\t\t\t\t\t\t\t\t\t\t\t\t\t\t<div class=\"elementor-swiper-button elementor-swiper-button-prev\" role=\"button\" tabindex=\"0\">\n\t\t\t\t\t\t\t<i aria-hidden=\"true\" class=\"eicon-chevron-left\"><\/i>\t\t\t\t\t\t\t<span class=\"elementor-screen-only\">Previous<\/span>\n\t\t\t\t\t\t<\/div>\n\t\t\t\t\t\t<div class=\"elementor-swiper-button elementor-swiper-button-next\" role=\"button\" tabindex=\"0\">\n\t\t\t\t\t\t\t<i aria-hidden=\"true\" class=\"eicon-chevron-right\"><\/i>\t\t\t\t\t\t\t<span class=\"elementor-screen-only\">Next<\/span>\n\t\t\t\t\t\t<\/div>\n\t\t\t\t\t\t\t\t\t\t\t\t<\/div>\n\t\t<\/div>\n\t\t\t\t<\/div>\n\t\t\t\t<\/div>\n\t\t\t\t\t<\/div>\n\t\t<\/div>\n\t\t\t\t\t<\/div>\n\t\t<\/section>\n\t\t\t\t<\/div>","protected":false},"excerpt":{"rendered":"<p>OFERTA Specjalizuj\u0119 si\u0119 w terapii indywidualnej. Pracuj\u0119 z klientami na wielu r\u00f3\u017cnych obszarach \u2013 wa\u017cnych zmian \u017cyciowych, kryzys\u00f3w, niezadowolenia z jako\u015bci \u017cycia, problem\u00f3w w zwi\u0105zkach, poczucia w\u0142asnej warto\u015bci, trudno\u015bci w dokonywaniu dobrych wybor\u00f3w \u017cyciowych, rozwoju osobistego \/ zawodowego. Cz\u0119sto te\u017c praca z danym klientem obejmuje kilka z wy\u017cej wymienionych problem\u00f3w. Pomagam klientom odkry\u0107 powody, dla [&hellip;]<\/p>","protected":false},"author":1,"featured_media":0,"parent":15,"menu_order":0,"comment_status":"closed","ping_status":"closed","template":"elementor_header_footer","meta":{"footnotes":""},"class_list":["post-934","page","type-page","status-publish","hentry"],"yoast_head":"<!-- This site is optimized with the Yoast SEO plugin v23.9 - https:\/\/yoast.com\/wordpress\/plugins\/seo\/ -->\n<title>Co mo\u017ce da\u0107 mi psychoterapia? - Psycholog \u2022 Dorota Bednarko \u2022 Wolno\u015b\u0107, Spe\u0142nienie, Witalno\u015b\u0107<\/title>\n<meta name=\"robots\" content=\"index, follow, max-snippet:-1, max-image-preview:large, max-video-preview:-1\" \/>\n<link rel=\"canonical\" href=\"https:\/\/i-am.com.pl\/en\/oferta\/co-moze-dac-mi-psychoterapia\/\" \/>\n<meta property=\"og:locale\" content=\"en_GB\" \/>\n<meta property=\"og:type\" content=\"article\" \/>\n<meta property=\"og:title\" content=\"Co mo\u017ce da\u0107 mi psychoterapia? - Psycholog \u2022 Dorota Bednarko \u2022 Wolno\u015b\u0107, Spe\u0142nienie, Witalno\u015b\u0107\" \/>\n<meta property=\"og:description\" content=\"OFERTA Specjalizuj\u0119 si\u0119 w terapii indywidualnej. Pracuj\u0119 z klientami na wielu r\u00f3\u017cnych obszarach \u2013 wa\u017cnych zmian \u017cyciowych, kryzys\u00f3w, niezadowolenia z jako\u015bci \u017cycia, problem\u00f3w w zwi\u0105zkach, poczucia w\u0142asnej warto\u015bci, trudno\u015bci w dokonywaniu dobrych wybor\u00f3w \u017cyciowych, rozwoju osobistego \/ zawodowego. Cz\u0119sto te\u017c praca z danym klientem obejmuje kilka z wy\u017cej wymienionych problem\u00f3w. Pomagam klientom odkry\u0107 powody, dla [&hellip;]\" \/>\n<meta property=\"og:url\" content=\"https:\/\/i-am.com.pl\/en\/oferta\/co-moze-dac-mi-psychoterapia\/\" \/>\n<meta property=\"og:site_name\" content=\"Psycholog \u2022 Dorota Bednarko \u2022 Wolno\u015b\u0107, Spe\u0142nienie, Witalno\u015b\u0107\" \/>\n<meta property=\"article:modified_time\" content=\"2023-12-30T10:45:37+00:00\" \/>\n<meta name=\"twitter:card\" content=\"summary_large_image\" \/>\n<meta name=\"twitter:label1\" content=\"Estimated reading time\" \/>\n\t<meta name=\"twitter:data1\" content=\"4 minutes\" \/>\n<script type=\"application\/ld+json\" class=\"yoast-schema-graph\">{\"@context\":\"https:\/\/schema.org\",\"@graph\":[{\"@type\":\"WebPage\",\"@id\":\"https:\/\/i-am.com.pl\/oferta\/co-moze-dac-mi-psychoterapia\/\",\"url\":\"https:\/\/i-am.com.pl\/oferta\/co-moze-dac-mi-psychoterapia\/\",\"name\":\"Co mo\u017ce da\u0107 mi psychoterapia? - Psycholog \u2022 Dorota Bednarko \u2022 Wolno\u015b\u0107, Spe\u0142nienie, Witalno\u015b\u0107\",\"isPartOf\":{\"@id\":\"https:\/\/i-am.com.pl\/#website\"},\"datePublished\":\"2021-01-01T14:09:45+00:00\",\"dateModified\":\"2023-12-30T10:45:37+00:00\",\"breadcrumb\":{\"@id\":\"https:\/\/i-am.com.pl\/oferta\/co-moze-dac-mi-psychoterapia\/#breadcrumb\"},\"inLanguage\":\"en-GB\",\"potentialAction\":[{\"@type\":\"ReadAction\",\"target\":[\"https:\/\/i-am.com.pl\/oferta\/co-moze-dac-mi-psychoterapia\/\"]}]},{\"@type\":\"BreadcrumbList\",\"@id\":\"https:\/\/i-am.com.pl\/oferta\/co-moze-dac-mi-psychoterapia\/#breadcrumb\",\"itemListElement\":[{\"@type\":\"ListItem\",\"position\":1,\"name\":\"Strona g\u0142\u00f3wna\",\"item\":\"https:\/\/i-am.com.pl\/\"},{\"@type\":\"ListItem\",\"position\":2,\"name\":\"OFERTA\",\"item\":\"https:\/\/i-am.com.pl\/oferta\/\"},{\"@type\":\"ListItem\",\"position\":3,\"name\":\"Co mo\u017ce da\u0107 mi psychoterapia?\"}]},{\"@type\":\"WebSite\",\"@id\":\"https:\/\/i-am.com.pl\/#website\",\"url\":\"https:\/\/i-am.com.pl\/\",\"name\":\"Psycholog \u2022 Dorota Bednarko \u2022 Wolno\u015b\u0107, Spe\u0142nienie, Witalno\u015b\u0107\",\"description\":\"Dorota Bednarko, psycholog. Moim celem jest pom\u00f3c Ci uwolni\u0107 si\u0119 od ograniczaj\u0105cych Ci\u0119 przekona\u0144, kt\u00f3re blokuj\u0105 Tw\u00f3j rozw\u00f3j poprzez terapi\u0119 RTT, porad\u0119 psychologiczn\u0105 czy klasyczn\u0105 psychoterapi\u0119. Oferuj\u0119 darmow\u0105, wst\u0119pn\u0105 konsultacj\u0119.\",\"potentialAction\":[{\"@type\":\"SearchAction\",\"target\":{\"@type\":\"EntryPoint\",\"urlTemplate\":\"https:\/\/i-am.com.pl\/?s={search_term_string}\"},\"query-input\":{\"@type\":\"PropertyValueSpecification\",\"valueRequired\":true,\"valueName\":\"search_term_string\"}}],\"inLanguage\":\"en-GB\"}]}<\/script>\n<!-- \/ Yoast SEO plugin. -->","yoast_head_json":{"title":"Co mo\u017ce da\u0107 mi psychoterapia? - Psycholog \u2022 Dorota Bednarko \u2022 Wolno\u015b\u0107, Spe\u0142nienie, Witalno\u015b\u0107","robots":{"index":"index","follow":"follow","max-snippet":"max-snippet:-1","max-image-preview":"max-image-preview:large","max-video-preview":"max-video-preview:-1"},"canonical":"https:\/\/i-am.com.pl\/en\/oferta\/co-moze-dac-mi-psychoterapia\/","og_locale":"en_GB","og_type":"article","og_title":"Co mo\u017ce da\u0107 mi psychoterapia? - Psycholog \u2022 Dorota Bednarko \u2022 Wolno\u015b\u0107, Spe\u0142nienie, Witalno\u015b\u0107","og_description":"OFERTA Specjalizuj\u0119 si\u0119 w terapii indywidualnej. Pracuj\u0119 z klientami na wielu r\u00f3\u017cnych obszarach \u2013 wa\u017cnych zmian \u017cyciowych, kryzys\u00f3w, niezadowolenia z jako\u015bci \u017cycia, problem\u00f3w w zwi\u0105zkach, poczucia w\u0142asnej warto\u015bci, trudno\u015bci w dokonywaniu dobrych wybor\u00f3w \u017cyciowych, rozwoju osobistego \/ zawodowego. Cz\u0119sto te\u017c praca z danym klientem obejmuje kilka z wy\u017cej wymienionych problem\u00f3w. Pomagam klientom odkry\u0107 powody, dla [&hellip;]","og_url":"https:\/\/i-am.com.pl\/en\/oferta\/co-moze-dac-mi-psychoterapia\/","og_site_name":"Psycholog \u2022 Dorota Bednarko \u2022 Wolno\u015b\u0107, Spe\u0142nienie, Witalno\u015b\u0107","article_modified_time":"2023-12-30T10:45:37+00:00","twitter_card":"summary_large_image","twitter_misc":{"Estimated reading time":"4 minutes"},"schema":{"@context":"https:\/\/schema.org","@graph":[{"@type":"WebPage","@id":"https:\/\/i-am.com.pl\/oferta\/co-moze-dac-mi-psychoterapia\/","url":"https:\/\/i-am.com.pl\/oferta\/co-moze-dac-mi-psychoterapia\/","name":"Co mo\u017ce da\u0107 mi psychoterapia? - Psycholog \u2022 Dorota Bednarko \u2022 Wolno\u015b\u0107, Spe\u0142nienie, Witalno\u015b\u0107","isPartOf":{"@id":"https:\/\/i-am.com.pl\/#website"},"datePublished":"2021-01-01T14:09:45+00:00","dateModified":"2023-12-30T10:45:37+00:00","breadcrumb":{"@id":"https:\/\/i-am.com.pl\/oferta\/co-moze-dac-mi-psychoterapia\/#breadcrumb"},"inLanguage":"en-GB","potentialAction":[{"@type":"ReadAction","target":["https:\/\/i-am.com.pl\/oferta\/co-moze-dac-mi-psychoterapia\/"]}]},{"@type":"BreadcrumbList","@id":"https:\/\/i-am.com.pl\/oferta\/co-moze-dac-mi-psychoterapia\/#breadcrumb","itemListElement":[{"@type":"ListItem","position":1,"name":"Strona g\u0142\u00f3wna","item":"https:\/\/i-am.com.pl\/"},{"@type":"ListItem","position":2,"name":"OFERTA","item":"https:\/\/i-am.com.pl\/oferta\/"},{"@type":"ListItem","position":3,"name":"Co mo\u017ce da\u0107 mi psychoterapia?"}]},{"@type":"WebSite","@id":"https:\/\/i-am.com.pl\/#website","url":"https:\/\/i-am.com.pl\/","name":"Psycholog \u2022 Dorota Bednarko \u2022 Wolno\u015b\u0107, Spe\u0142nienie, Witalno\u015b\u0107","description":"Dorota Bednarko, psycholog. Moim celem jest pom\u00f3c Ci uwolni\u0107 si\u0119 od ograniczaj\u0105cych Ci\u0119 przekona\u0144, kt\u00f3re blokuj\u0105 Tw\u00f3j rozw\u00f3j poprzez terapi\u0119 RTT, porad\u0119 psychologiczn\u0105 czy klasyczn\u0105 psychoterapi\u0119. Oferuj\u0119 darmow\u0105, wst\u0119pn\u0105 konsultacj\u0119.","potentialAction":[{"@type":"SearchAction","target":{"@type":"EntryPoint","urlTemplate":"https:\/\/i-am.com.pl\/?s={search_term_string}"},"query-input":{"@type":"PropertyValueSpecification","valueRequired":true,"valueName":"search_term_string"}}],"inLanguage":"en-GB"}]}},"_links":{"self":[{"href":"https:\/\/i-am.com.pl\/en\/wp-json\/wp\/v2\/pages\/934","targetHints":{"allow":["GET"]}}],"collection":[{"href":"https:\/\/i-am.com.pl\/en\/wp-json\/wp\/v2\/pages"}],"about":[{"href":"https:\/\/i-am.com.pl\/en\/wp-json\/wp\/v2\/types\/page"}],"author":[{"embeddable":true,"href":"https:\/\/i-am.com.pl\/en\/wp-json\/wp\/v2\/users\/1"}],"replies":[{"embeddable":true,"href":"https:\/\/i-am.com.pl\/en\/wp-json\/wp\/v2\/comments?post=934"}],"version-history":[{"count":0,"href":"https:\/\/i-am.com.pl\/en\/wp-json\/wp\/v2\/pages\/934\/revisions"}],"up":[{"embeddable":true,"href":"https:\/\/i-am.com.pl\/en\/wp-json\/wp\/v2\/pages\/15"}],"wp:attachment":[{"href":"https:\/\/i-am.com.pl\/en\/wp-json\/wp\/v2\/media?parent=934"}],"curies":[{"name":"wp","href":"https:\/\/api.w.org\/{rel}","templated":true}]}}